{"id":31,"date":"2026-05-08T22:03:25","date_gmt":"2026-05-08T22:03:25","guid":{"rendered":"https:\/\/xn--arvlis-dva.docusflix.com\/?page_id=31"},"modified":"2026-05-08T23:00:40","modified_gmt":"2026-05-08T23:00:40","slug":"auteur-patrice-atallah","status":"publish","type":"page","link":"https:\/\/xn--arvlis-dva.docusflix.com\/?page_id=31","title":{"rendered":"AUTEUR (PATRICE ATALLAH)"},"content":{"rendered":"\n<figure class=\"wp-block-image size-large\"><img loading=\"lazy\" decoding=\"async\" width=\"741\" height=\"1024\" src=\"https:\/\/xn--arvlis-dva.docusflix.com\/wp-content\/uploads\/2026\/05\/657540986_122168216210914259_300758401295129286_n-741x1024.jpg\" alt=\"\" class=\"wp-image-34\" srcset=\"https:\/\/xn--arvlis-dva.docusflix.com\/wp-content\/uploads\/2026\/05\/657540986_122168216210914259_300758401295129286_n-741x1024.jpg 741w, https:\/\/xn--arvlis-dva.docusflix.com\/wp-content\/uploads\/2026\/05\/657540986_122168216210914259_300758401295129286_n-217x300.jpg 217w, https:\/\/xn--arvlis-dva.docusflix.com\/wp-content\/uploads\/2026\/05\/657540986_122168216210914259_300758401295129286_n-768x1061.jpg 768w, https:\/\/xn--arvlis-dva.docusflix.com\/wp-content\/uploads\/2026\/05\/657540986_122168216210914259_300758401295129286_n.jpg 880w\" sizes=\"auto, (max-width: 741px) 100vw, 741px\" \/><\/figure>\n\n\n\n<h2 class=\"wp-block-heading\">Patrice Atallah<\/h2>\n\n\n\n<p>Patrice Atallah est un auteur passionn\u00e9 par la philosophie, l\u2019astronomie et les univers de l\u2019imaginaire.<br>Son \u00e9criture na\u00eet de ce croisement entre la r\u00e9flexion sur le sens de l\u2019existence et la fascination pour l\u2019immensit\u00e9 du cosmos.<\/p>\n\n\n\n<p>Son parcours, \u00e0 la fronti\u00e8re entre technologie et cr\u00e9ation, nourrit une approche structur\u00e9e de la narration et de la construction d\u2019univers.<br>Il accorde une attention particuli\u00e8re aux th\u00e8mes de l\u2019identit\u00e9, du temps et de la place de l\u2019humain dans l\u2019infini.<\/p>\n\n\n\n<p>\u00c0 travers ses projets litt\u00e9raires et la maison d\u2019\u00e9dition Arvelis, il d\u00e9veloppe des r\u00e9cits exigeants, accessibles et profond\u00e9ment ancr\u00e9s dans l\u2019\u00e9motion et la r\u00e9flexion.<br>Son objectif est de proposer des \u0153uvres qui ouvrent des perspectives, autant qu\u2019elles racontent des histoires.<\/p>\n\n\n\n<p>Il s\u2019int\u00e9resse particuli\u00e8rement aux th\u00e8mes de l\u2019identit\u00e9, de la m\u00e9moire et des trajectoires humaines.<br>Son \u00e9criture cherche avant tout la justesse \u00e9motionnelle et la profondeur<\/p>\n\n\n\n<p><\/p>\n","protected":false},"excerpt":{"rendered":"<p>Patrice Atallah Patrice Atallah est un auteur passionn\u00e9 par la philosophie, l\u2019astronomie et les univers de l\u2019imaginaire.Son \u00e9criture<\/p>\n","protected":false},"author":1,"featured_media":0,"parent":0,"menu_order":0,"comment_status":"closed","ping_status":"closed","template":"","meta":{"footnotes":""},"class_list":["post-31","page","type-page","status-publish","hentry"],"_links":{"self":[{"href":"https:\/\/xn--arvlis-dva.docusflix.com\/index.php?rest_route=\/wp\/v2\/pages\/31","targetHints":{"allow":["GET"]}}],"collection":[{"href":"https:\/\/xn--arvlis-dva.docusflix.com\/index.php?rest_route=\/wp\/v2\/pages"}],"about":[{"href":"https:\/\/xn--arvlis-dva.docusflix.com\/index.php?rest_route=\/wp\/v2\/types\/page"}],"author":[{"embeddable":true,"href":"https:\/\/xn--arvlis-dva.docusflix.com\/index.php?rest_route=\/wp\/v2\/users\/1"}],"replies":[{"embeddable":true,"href":"https:\/\/xn--arvlis-dva.docusflix.com\/index.php?rest_route=%2Fwp%2Fv2%2Fcomments&post=31"}],"version-history":[{"count":3,"href":"https:\/\/xn--arvlis-dva.docusflix.com\/index.php?rest_route=\/wp\/v2\/pages\/31\/revisions"}],"predecessor-version":[{"id":70,"href":"https:\/\/xn--arvlis-dva.docusflix.com\/index.php?rest_route=\/wp\/v2\/pages\/31\/revisions\/70"}],"wp:attachment":[{"href":"https:\/\/xn--arvlis-dva.docusflix.com\/index.php?rest_route=%2Fwp%2Fv2%2Fmedia&parent=31"}],"curies":[{"name":"wp","href":"https:\/\/api.w.org\/{rel}","templated":true}]}}