{"id":28,"date":"2026-05-08T21:58:32","date_gmt":"2026-05-08T21:58:32","guid":{"rendered":"https:\/\/xn--arvlis-dva.docusflix.com\/?page_id=28"},"modified":"2026-05-08T21:58:33","modified_gmt":"2026-05-08T21:58:33","slug":"maison-arvelis","status":"publish","type":"page","link":"https:\/\/xn--arvlis-dva.docusflix.com\/?page_id=28","title":{"rendered":"MAISON ARVELIS"},"content":{"rendered":"\n<h2 class=\"wp-block-heading\">\u00c0 propos \u2014 Arvelis<\/h2>\n\n\n\n<p>Arvelis est n\u00e9e d\u2019un refus simple : celui de laisser les histoires importantes se perdre dans le bruit.<\/p>\n\n\n\n<p>Dans un monde o\u00f9 tout va vite, o\u00f9 les contenus s\u2019encha\u00eenent sans laisser de trace, j\u2019ai voulu cr\u00e9er un espace \u00e0 contre-courant. Une maison d\u2019\u00e9dition ind\u00e9pendante, libre, capable de donner naissance \u00e0 des \u0153uvres qui ne cherchent pas seulement \u00e0 exister\u2026 mais \u00e0 durer.<\/p>\n\n\n\n<p>Arvelis n\u2019est pas un compromis. C\u2019est une direction.<\/p>\n\n\n\n<p>Elle est n\u00e9e d\u2019une conviction : un livre n\u2019est pas un produit comme les autres. C\u2019est une empreinte. Une voix. Parfois une cicatrice. Parfois une lumi\u00e8re. Mais toujours quelque chose qui m\u00e9rite d\u2019\u00eatre port\u00e9 avec exigence.<\/p>\n\n\n\n<p>Ici, je d\u00e9fends des univers forts, des r\u00e9cits qui osent, des textes qui ne s\u2019excusent pas d\u2019\u00eatre profonds, d\u00e9rangeants ou lumineux. L\u2019ind\u00e9pendance n\u2019est pas un slogan : c\u2019est une mani\u00e8re de choisir chaque projet avec sinc\u00e9rit\u00e9, sans dilution, sans formatage.<\/p>\n\n\n\n<p>Arvelis, c\u2019est la libert\u00e9 de cr\u00e9er sans demander la permission.<br>Mais aussi la responsabilit\u00e9 de ne publier que ce qui m\u00e9rite vraiment d\u2019exister.<\/p>\n\n\n\n<p>Parce qu\u2019au fond, un bon livre ne cherche pas seulement des lecteurs.<br>Il cherche \u00e0 rester.<\/p>\n","protected":false},"excerpt":{"rendered":"<p>\u00c0 propos \u2014 Arvelis Arvelis est n\u00e9e d\u2019un refus simple : celui de laisser les histoires importantes se<\/p>\n","protected":false},"author":1,"featured_media":8,"parent":0,"menu_order":0,"comment_status":"closed","ping_status":"closed","template":"","meta":{"footnotes":""},"class_list":["post-28","page","type-page","status-publish","has-post-thumbnail","hentry"],"_links":{"self":[{"href":"https:\/\/xn--arvlis-dva.docusflix.com\/index.php?rest_route=\/wp\/v2\/pages\/28","targetHints":{"allow":["GET"]}}],"collection":[{"href":"https:\/\/xn--arvlis-dva.docusflix.com\/index.php?rest_route=\/wp\/v2\/pages"}],"about":[{"href":"https:\/\/xn--arvlis-dva.docusflix.com\/index.php?rest_route=\/wp\/v2\/types\/page"}],"author":[{"embeddable":true,"href":"https:\/\/xn--arvlis-dva.docusflix.com\/index.php?rest_route=\/wp\/v2\/users\/1"}],"replies":[{"embeddable":true,"href":"https:\/\/xn--arvlis-dva.docusflix.com\/index.php?rest_route=%2Fwp%2Fv2%2Fcomments&post=28"}],"version-history":[{"count":1,"href":"https:\/\/xn--arvlis-dva.docusflix.com\/index.php?rest_route=\/wp\/v2\/pages\/28\/revisions"}],"predecessor-version":[{"id":30,"href":"https:\/\/xn--arvlis-dva.docusflix.com\/index.php?rest_route=\/wp\/v2\/pages\/28\/revisions\/30"}],"wp:featuredmedia":[{"embeddable":true,"href":"https:\/\/xn--arvlis-dva.docusflix.com\/index.php?rest_route=\/wp\/v2\/media\/8"}],"wp:attachment":[{"href":"https:\/\/xn--arvlis-dva.docusflix.com\/index.php?rest_route=%2Fwp%2Fv2%2Fmedia&parent=28"}],"curies":[{"name":"wp","href":"https:\/\/api.w.org\/{rel}","templated":true}]}}